{"id":1499,"date":"2021-11-04T15:16:44","date_gmt":"2021-11-04T18:16:44","guid":{"rendered":"https:\/\/laudare.com.br\/?page_id=1499"},"modified":"2021-11-05T02:38:15","modified_gmt":"2021-11-05T05:38:15","slug":"politica-de-privacidade","status":"publish","type":"page","link":"https:\/\/laudare.com.br\/index.php\/politica-de-privacidade\/","title":{"rendered":"Pol\u00edtica de privacidade"},"content":{"rendered":"\t\t<div data-elementor-type=\"wp-page\" data-elementor-id=\"1499\" class=\"elementor elementor-1499\">\n\t\t\t\t\t\t<section class=\"elementor-section elementor-top-section elementor-element elementor-element-7abbabab elementor-section-boxed elementor-section-height-default elementor-section-height-default\" data-id=\"7abbabab\" data-element_type=\"section\">\n\t\t\t\t\t\t<div class=\"elementor-container elementor-column-gap-default\">\n\t\t\t\t\t<div class=\"elementor-column elementor-col-100 elementor-top-column elementor-element elementor-element-52a881ad\" data-id=\"52a881ad\" data-element_type=\"column\">\n\t\t\t<div class=\"elementor-widget-wrap elementor-element-populated\">\n\t\t\t\t\t\t<div class=\"elementor-element elementor-element-41653957 elementor-widget elementor-widget-text-editor\" data-id=\"41653957\" data-element_type=\"widget\" data-widget_type=\"text-editor.default\">\n\t\t\t\t<div class=\"elementor-widget-container\">\n\t\t\t<style>\/*! elementor - v3.22.0 - 17-06-2024 *\/\n.elementor-widget-text-editor.elementor-drop-cap-view-stacked .elementor-drop-cap{background-color:#69727d;color:#fff}.elementor-widget-text-editor.elementor-drop-cap-view-framed .elementor-drop-cap{color:#69727d;border:3px solid;background-color:transparent}.elementor-widget-text-editor:not(.elementor-drop-cap-view-default) .elementor-drop-cap{margin-top:8px}.elementor-widget-text-editor:not(.elementor-drop-cap-view-default) .elementor-drop-cap-letter{width:1em;height:1em}.elementor-widget-text-editor .elementor-drop-cap{float:left;text-align:center;line-height:1;font-size:50px}.elementor-widget-text-editor .elementor-drop-cap-letter{display:inline-block}<\/style>\t\t\t\t<div class=\"cli_pg_page_contaner\">\n<p>Conhe\u00e7a nossa Pol\u00edtica de Cookies<\/p>\n<p>A Laudare Assessoria e Per\u00edcias M\u00e9dicas, reconhecendo a import\u00e2ncia da privacidade, da seguran\u00e7a e da prote\u00e7\u00e3o de dados de seus clientes, parceiros e todos os respectivos titulares de dados que possam&nbsp;ter&nbsp;seus dados pessoais, ou de qualquer outra natureza, tratados pelo nosso sistema, vem, por interm\u00e9dio de sua&nbsp;<strong>Pol\u00edtica de Cookies<\/strong>, esclarecer todos os pontos necess\u00e1rios sobre essas a\u00e7\u00f5es.<\/p>\n<p>O site da Laudare utiliza tecnologia para coletar informa\u00e7\u00f5es de navega\u00e7\u00e3o a fim de proporcionar uma \u00f3tima experi\u00eancia aos nossos usu\u00e1rios, al\u00e9m de permitir que melhoremos nosso site e o servi\u00e7o oferecido. Isto significa que, quando os visitantes acessarem nosso site, pelo navegador ou qualquer outro meio, nele haver\u00e1 cookies ou tecnologia similar.<\/p>\n<p>A presente&nbsp;<strong>Pol\u00edtica de Cookies<\/strong>&nbsp;da Laudare tem como objetivo fornecer orienta\u00e7\u00f5es sobre como ocorre o tratamento (coleta, armazenamento, uso, etc) dos cookies relativos aos usu\u00e1rios que visitam e utilizam as funcionalidades dispon\u00edveis em nosso site, bem como conferir a transpar\u00eancia e compreens\u00e3o necess\u00e1rias sobre as poss\u00edveis maneiras que os dados pessoais, por meio dos cookies, podem ser tratados em nosso site. Esta pol\u00edtica deve ser lida e interpretada em conjunto com a Pol\u00edtica de Termos de Uso e Privacidade da Laudare.<\/p><p><br><\/p>\n<p><strong style=\"font-style: inherit; background-color: var(--ast-global-color-5); color: var(--ast-global-color-3);\"><\/strong><\/p><strong style=\"font-style: inherit; background-color: var(--ast-global-color-5); color: var(--ast-global-color-3);\">\n<\/strong><ul><strong style=\"font-style: inherit; background-color: var(--ast-global-color-5); color: var(--ast-global-color-3);\">\n<\/strong><li><strong style=\"font-style: inherit; background-color: var(--ast-global-color-5); color: var(--ast-global-color-3);\">O que \u00e9 um cookie?<\/strong><\/li>\n<\/ul>\n<p>Os cookies s\u00e3o pequenos arquivos armazenados em nossos navegadores quando navegamos na Internet contendo mecanismos que permitem a identifica\u00e7\u00e3o de nosso computador. Ou seja, o cookie permite que os sites \u201clembrem\u201d de nossas prefer\u00eancias e a\u00e7\u00f5es ao longo do tempo, a fim de conhecer as atividades do usu\u00e1rio, como, por exemplo, tempo de conex\u00e3o, sistema operacional, dispositivo utilizado, p\u00e1ginas visitadas etc.<\/p>\n<p>A maioria dos navegadores de Internet aceitam cookies; entretanto, os usu\u00e1rios podem escolher configurar seus navegadores para recusar certos tipos de cookies ou cookies espec\u00edficos, podendo, ainda, apag\u00e1-los a qualquer momento. Nosso site permite, inclusive, que a coleta de cookies seja desativada, entretanto, isso pode impedir que o nosso site funcione de maneira apropriada, prejudicando a atividade e experi\u00eancia completa do usu\u00e1rio.<\/p>\n<ul>\n<li><strong>Para quais fins a Laudare utiliza cookies?<\/strong><\/li>\n<\/ul>\n<p>\u2013 Ajudar voc\u00ea na navega\u00e7\u00e3o;<\/p>\n<p>\u2013 Medir o uso do site (estat\u00edsticas);<\/p>\n<p>\u2013 Analisar seu uso e interesse em nossos produtos e servi\u00e7os;<\/p>\n<p>\u2013 Facilitar o compartilhamento em redes sociais;<\/p>\n<p>\u2013 Ajudar o nosso time de marketing a fornecer conte\u00fado com base no que \u00e9 mais relevante para voc\u00ea e seus interesses;<\/p>\n<p>\u2013 Auxiliar no registro de login e te dar a oportunidade de fornecer feedbacks;<\/p>\n<p>\u2013 Entender se voc\u00ea est\u00e1 visitando o site diretamente (digitando o endere\u00e7o no seu navegador) ou advindo de alguma outra plataforma de redes sociais (como Facebook, Instagram ou Twitter) ou sistema de busca (como Google ou Bing).<\/p>\n<p>Lembrando que, a ativa\u00e7\u00e3o dos cookies n\u00e3o \u00e9 indispens\u00e1vel para que o nosso site funcione, mas facilita a sua navega\u00e7\u00e3o. Os cookies podem ser apagados ou bloqueados no seu navegador, mas se o fizer poder\u00e1 desativar algumas funcionalidades do site e voc\u00ea acabar\u00e1 recebendo alertas novamente, o que pode tornar sua navega\u00e7\u00e3o mais lenta e ma\u00e7ante. Entretanto, \u00e9 extremamente importante para n\u00f3s garantir que nossos usu\u00e1rios entendam que podem exercer um controle sobre seus dados ao interagir com nosso site.<\/p>\n<p>As informa\u00e7\u00f5es associadas aos cookies n\u00e3o s\u00e3o utilizadas para identificar pessoalmente qualquer visitante, ou seja, nosso objetivo n\u00e3o \u00e9 identificar voc\u00ea, essa troca de informa\u00e7\u00f5es s\u00f3 se d\u00e1 dentro do seu pr\u00f3prio computador, entre o seu navegador e o servidor que mant\u00e9m as p\u00e1ginas de nosso site. Todo e qualquer dado pessoal, como nome, telefone ou e-mail, s\u00f3 ser\u00e1 utilizado caso voc\u00ea preencha algum de nossos formul\u00e1rios de convers\u00e3o, dando o consentimento para tanto.<\/p>\n<ul>\n<li><strong>Tipos de cookies e finalidade para a coleta<\/strong><\/li>\n<\/ul>\n<p><strong>Cookies necess\u00e1rios:<\/strong>&nbsp;Os cookies necess\u00e1rios servem para o bom funcionamento do site e n\u00e3o armazenam informa\u00e7\u00f5es pessoais. Normalmente, eles s\u00f3 s\u00e3o configurados em resposta a a\u00e7\u00f5es e correspondem a uma solicita\u00e7\u00e3o de servi\u00e7os, tais como definir as suas prefer\u00eancias de privacidade, iniciar sess\u00e3o ou preencher formul\u00e1rios. Caso sejam desabilitados, algumas partes do site podem apresentar mau desempenho ou n\u00e3o funcionar.<\/p>\n<p><strong>Cookies de desempenho:<\/strong>&nbsp;Os cookies de desempenho coletam informa\u00e7\u00f5es de forma agregada e an\u00f4nima, n\u00e3o permitindo identificar os usu\u00e1rios que as acessa. A principal fun\u00e7\u00e3o \u00e9 medir o desempenho do site, por exemplo: quais s\u00e3o as p\u00e1ginas mais visitadas com o objetivo de melhorar o desempenho geral do site. Eles ajudam-nos a saber quais s\u00e3o as p\u00e1ginas mais e menos populares e a ver como os visitantes se movimentam pelo nosso site. Todas as informa\u00e7\u00f5es recolhidas por estes cookies s\u00e3o agregadas e, por conseguinte, an\u00f4nimas. Se n\u00e3o permitir estes cookies, n\u00e3o saberemos quando visitou o nosso site.<\/p>\n<p><strong>Cookies de funcionalidade:<\/strong>&nbsp;Os cookies de funcionalidade memorizam suas prefer\u00eancias e escolhas (como seu nome de usu\u00e1rio). Estes cookies permitem que o site forne\u00e7a uma funcionalidade e personaliza\u00e7\u00e3o melhoradas.<\/p>\n<p><strong>Cookies de publicidade:<\/strong>&nbsp;Os cookies de publicidade n\u00e3o armazenam diretamente informa\u00e7\u00f5es pessoais, mas direcionam an\u00fancios em fun\u00e7\u00e3o dos dados de seu navegador. Trata-se de uma identifica\u00e7\u00e3o exclusiva do seu navegador e dispositivo de internet. Ao limitar esses cookies os an\u00fancios de publicidade tamb\u00e9m ser\u00e3o limitados.<\/p>\n<p><strong>Google Analytics:&nbsp;<\/strong>Com esse cookie, a ferramenta anal\u00edtica chamada Google Analytics re\u00fane informa\u00e7\u00f5es an\u00f4nimas sobre como o nosso site \u00e9 utilizado. A informa\u00e7\u00e3o coletada ajuda a endere\u00e7ar continuamente as necessidades de nossos visitantes. As informa\u00e7\u00f5es armazenadas s\u00e3o, por exemplo, quantas pessoas visitam nosso site, de quais site elas v\u00eam e quais p\u00e1ginas acessam.&nbsp; O Google Analytics armazena os cookies em servidores baseados nos Estados Unidos e se compromete a n\u00e3o os compartilhar com terceiros (pessoas f\u00edsicas ou jur\u00eddicas) fora da Google, exceto com o consentimento do usu\u00e1rio<\/p>\n<ul>\n<li><strong>Controle do usu\u00e1rio<\/strong><\/li>\n<\/ul>\n<p>Caso o usu\u00e1rio n\u00e3o deseje que os&nbsp;cookies&nbsp;acima sejam utilizados durante sua navega\u00e7\u00e3o em nosso&nbsp;site, \u00e9 poss\u00edvel optar por recusar, desabilitar ou apagar os registros de&nbsp;cookies&nbsp;atrav\u00e9s das configura\u00e7\u00f5es do navegador utilizado. Entretanto, importante ratificar que, ao fazer isso, algumas \u00e1reas, ferramentas e funcionalidades poder\u00e3o ser comprometidas, afetando, dessa forma, o correto funcionamento de nosso site.<\/p>\n<p>Para recusar, basta n\u00e3o aceitar nossos cookies no pop up na p\u00e1gina inicial de nosso site, quando lhe for perguntado.<\/p>\n<p>Para desabilitar a coleta dos cookies, fa\u00e7a diretamente em seu navegador. Para tanto, o procedimento para revogar e eliminar diferentes cookies poder\u00e1 variar. Recomendamos que o usu\u00e1rio consulte a ajuda do seu navegador ou acesse as p\u00e1ginas de ajuda abaixo:<\/p>\n<p>Firefox:&nbsp;<a href=\"http:\/\/support.mozilla.org\/pt-BR\/\">http:\/\/support.mozilla.org\/pt-BR\/<\/a><\/p>\n<p>Internet Explorer:&nbsp;<a href=\"https:\/\/support.microsoft.com\/pt-br\">https:\/\/support.microsoft.com\/pt-br<\/a><\/p>\n<p>Safari:&nbsp;<a href=\"https:\/\/support.apple.com\/pt-br\/safari\">https:\/\/support.apple.com\/pt-br\/safari<\/a><\/p>\n<p>Opera:&nbsp;<a href=\"https:\/\/www.opera.com\/pt-br\/help\">https:\/\/www.opera.com\/pt-br\/help<\/a><\/p>\n<p>Chrome:&nbsp;<a href=\"https:\/\/support.google.com\/chrome\/?hl=pt-BR#topic=9796470\">https:\/\/support.google.com\/chrome\/?hl=pt-BR#topic=9796470<\/a><\/p>\n<p>\u00c9 poss\u00edvel, ainda, que o usu\u00e1rio se utilize do recurso de \u201c<strong>aba privativa<\/strong>\u201d de seu navegador, o qual poder\u00e1 desabilitar o novo dep\u00f3sito de&nbsp;cookies&nbsp;na sess\u00e3o, sem excluir os j\u00e1 ativos.<\/p>\n<ul>\n<li><strong>Contato<\/strong><\/li>\n<\/ul>\n<p>Se deseja realizar alguma pergunta a respeito da&nbsp;<strong>Pol\u00edtica de Cookies<\/strong>&nbsp;deste site, se necessita de uma listagem mais apurada dos cookies ou deseja revogar o consentimento prestado anteriormente, ser\u00e1 poss\u00edvel entrar em contato com o nosso encarregado atrav\u00e9s do seguinte e-mail:&nbsp;droswaldo@laudare.com.br<\/p>\n<p>Por fim, reiteramos que a Laudare reconhece o seu compromisso em zelar pelo tratamento adequado de dados pessoais para fins leg\u00edtimos que possam ser objeto de suas atividades. Nesse sentido, a presente&nbsp;<strong>Pol\u00edtica&nbsp;de Cookies<\/strong> pode ser revisitada periodicamente e, a crit\u00e9rio da Laudare, podem ser realizadas modifica\u00e7\u00f5es que atualizem suas disposi\u00e7\u00f5es de modo a refor\u00e7ar nosso compromisso permanente com a transpar\u00eancia, a privacidade e a prote\u00e7\u00e3o de dados pessoais.<\/p>\n<\/div>\t\t\t\t\t\t<\/div>\n\t\t\t\t<\/div>\n\t\t\t\t\t<\/div>\n\t\t<\/div>\n\t\t\t\t\t<\/div>\n\t\t<\/section>\n\t\t\t\t<\/div>\n\t\t","protected":false},"excerpt":{"rendered":"<p>Conhe\u00e7a nossa Pol\u00edtica de Cookies A Laudare Assessoria e Per\u00edcias M\u00e9dicas, reconhecendo a import\u00e2ncia da privacidade, da seguran\u00e7a e da prote\u00e7\u00e3o de dados de seus clientes, parceiros e todos os respectivos titulares de dados que possam&nbsp;ter&nbsp;seus dados pessoais, ou de qualquer outra natureza, tratados pelo nosso sistema, vem, por interm\u00e9dio de sua&nbsp;Pol\u00edtica de Cookies, esclarecer [&hellip;]<\/p>\n","protected":false},"author":1,"featured_media":0,"parent":0,"menu_order":0,"comment_status":"closed","ping_status":"closed","template":"","meta":{"site-sidebar-layout":"default","site-content-layout":"","ast-site-content-layout":"","site-content-style":"default","site-sidebar-style":"default","ast-global-header-display":"","ast-banner-title-visibility":"","ast-main-header-display":"","ast-hfb-above-header-display":"","ast-hfb-below-header-display":"","ast-hfb-mobile-header-display":"","site-post-title":"","ast-breadcrumbs-content":"","ast-featured-img":"","footer-sml-layout":"","theme-transparent-header-meta":"","adv-header-id-meta":"","stick-header-meta":"","header-above-stick-meta":"","header-main-stick-meta":"","header-below-stick-meta":"","astra-migrate-meta-layouts":"default","ast-page-background-enabled":"default","ast-page-background-meta":{"desktop":{"background-color":"","background-image":"","background-repeat":"repeat","background-position":"center center","background-size":"auto","background-attachment":"scroll","background-type":"","background-media":"","overlay-type":"","overlay-color":"","overlay-opacity":"","overlay-gradient":""},"tablet":{"background-color":"","background-image":"","background-repeat":"repeat","background-position":"center center","background-size":"auto","background-attachment":"scroll","background-type":"","background-media":"","overlay-type":"","overlay-color":"","overlay-opacity":"","overlay-gradient":""},"mobile":{"background-color":"","background-image":"","background-repeat":"repeat","background-position":"center center","background-size":"auto","background-attachment":"scroll","background-type":"","background-media":"","overlay-type":"","overlay-color":"","overlay-opacity":"","overlay-gradient":""}},"ast-content-background-meta":{"desktop":{"background-color":"var(--ast-global-color-5)","background-image":"","background-repeat":"repeat","background-position":"center center","background-size":"auto","background-attachment":"scroll","background-type":"","background-media":"","overlay-type":"","overlay-color":"","overlay-opacity":"","overlay-gradient":""},"tablet":{"background-color":"var(--ast-global-color-5)","background-image":"","background-repeat":"repeat","background-position":"center center","background-size":"auto","background-attachment":"scroll","background-type":"","background-media":"","overlay-type":"","overlay-color":"","overlay-opacity":"","overlay-gradient":""},"mobile":{"background-color":"var(--ast-global-color-5)","background-image":"","background-repeat":"repeat","background-position":"center center","background-size":"auto","background-attachment":"scroll","background-type":"","background-media":"","overlay-type":"","overlay-color":"","overlay-opacity":"","overlay-gradient":""}},"footnotes":""},"class_list":["post-1499","page","type-page","status-publish","hentry"],"aioseo_notices":[],"_links":{"self":[{"href":"https:\/\/laudare.com.br\/index.php\/wp-json\/wp\/v2\/pages\/1499","targetHints":{"allow":["GET"]}}],"collection":[{"href":"https:\/\/laudare.com.br\/index.php\/wp-json\/wp\/v2\/pages"}],"about":[{"href":"https:\/\/laudare.com.br\/index.php\/wp-json\/wp\/v2\/types\/page"}],"author":[{"embeddable":true,"href":"https:\/\/laudare.com.br\/index.php\/wp-json\/wp\/v2\/users\/1"}],"replies":[{"embeddable":true,"href":"https:\/\/laudare.com.br\/index.php\/wp-json\/wp\/v2\/comments?post=1499"}],"version-history":[{"count":14,"href":"https:\/\/laudare.com.br\/index.php\/wp-json\/wp\/v2\/pages\/1499\/revisions"}],"predecessor-version":[{"id":1545,"href":"https:\/\/laudare.com.br\/index.php\/wp-json\/wp\/v2\/pages\/1499\/revisions\/1545"}],"wp:attachment":[{"href":"https:\/\/laudare.com.br\/index.php\/wp-json\/wp\/v2\/media?parent=1499"}],"curies":[{"name":"wp","href":"https:\/\/api.w.org\/{rel}","templated":true}]}}